{"id":1835,"date":"2019-08-01T07:17:44","date_gmt":"2019-08-01T07:17:44","guid":{"rendered":"http:\/\/165.227.151.65\/?page_id=1835"},"modified":"2019-08-04T12:00:31","modified_gmt":"2019-08-04T12:00:31","slug":"cookies","status":"publish","type":"page","link":"https:\/\/www.antichedimorefiorentine.it\/it\/cookies\/","title":{"rendered":"Cookies"},"content":{"rendered":"<p><strong>1. CHI RACCOGLIE E TRATTA I DATI<\/strong><br \/>\nLa presente Cookie Policy, resa da Ruth\u2019s S.r.l. per Antica Dimora Johlea, Antica Dimora Firenze, La Casa del Mercato e La Casa di Via Tornabuoni; da Residenza Hannah di Vitta Edoardo e RJ di Luca Screti &amp; C. per Antica Dimora Johanna, in qualit\u00e0 di Titolari, ha lo scopo di illustrare le tipologie e le finalit\u00e0 dei cookie utilizzati sul presente sito e di consentire la consapevole e corretta modalit\u00e0 di manifestazione delle preferenze in merito all\u2019uso dei cookie.<br \/>\nPer qualsiasi domanda, commento o dubbio relativo alla presente Cookie Policy contattare la Societ\u00e0 via posta, ai seguenti indirizzi:<br \/>\nvia email a info@antichedimorefiorentine.it ;<br \/>\nvia posta a:<br \/>\nRuth\u2019s S.r.l. con sede in Via San Gallo, 80 \u2013 50129, Firenze;<br \/>\nResidenza Hannah di Vitta Edoardo con sede in Via Bonifacio Lupi 14, 50129 \u2013 Firenze;<br \/>\nRJ di Luca Screti &amp; C. con sede in via Bonifacio Lupi, 14, 50129 &#8211; Firenze<\/p>\n<p><strong>2. COSA SONO I COOKIE<\/strong><br \/>\nI cookie sono file di testo di dimensioni ridotte che i siti visitati dagli utenti inviano ai loro terminali o dispositivi, in cui vengono memorizzati, per essere trasmessi nuovamente agli stessi siti in occasione di visite successive. I cookie (e\/o tecnologie similari come ad esempio le tecnologie SDK per il mondo mobile) possono essere memorizzati in modo permanente (cookie persistenti) sul Suo dispositivo o avere un durata variabile; possono infatti cancellarsi con la chiusura del browser o avere una durata limitata alla singola sessione (cookie di sessione). I cookie possono essere installati dal Titolare (cookie di prima parte) o da altri siti web e\/o societ\u00e0 (cookie di terze parti).<br \/>\nI cookie sono utilizzati per diverse finalit\u00e0 come meglio specificato al successivo punto 2 della presente informativa.<br \/>\nPer le attivit\u00e0 di marketing e profilazione, i dati personali raccolti tramite cookie sono trattati per un periodo massimo, rispettivamente, di 24 e 12 mesi dal momento in cui viene prestato il consenso al trattamento.<br \/>\nDi seguito trover\u00e0 tutte le informazioni sui cookie installati attraverso il sito e\/o relative applicazioni e le indicazioni necessarie su come gestire le Sue preferenze riguardo ad essi.<\/p>\n<p><strong>3. QUALI COOKIE SONO PRESENTI SUL SITO<\/strong><br \/>\n3.1. Cookie di prima parte e relative finalit\u00e0<br \/>\nLe finalit\u00e0 principali dei cookie installati dal Titolare sono:<br \/>\na) tecniche, vengono cio\u00e8 utilizzati per finalit\u00e0 connesse all\u2019erogazione del servizio e per consentire o migliorare la navigazione sul sito del Titolare o memorizzare le ricerche. Tali cookie sono indispensabili per garantire alla nostra piattaforma un corretto funzionamento.<br \/>\nb) analitiche, per raccogliere informazioni statistiche sull\u2019utilizzo del servizio da parte degli utenti (e.g. numero visitatori, pagine visitate, \u2026). Utilizziamo questi cookie per analizzare il traffico sulle nostre pagine in modo anonimo, senza memorizzare dati personali.<br \/>\n3.2. Cookie di terza parte e relative finalit\u00e0<br \/>\nLe finalit\u00e0 principali dei cookie installati da terze parti sono:<br \/>\na) analitiche: per raccogliere informazioni statistiche sull\u2019utilizzo del servizio da parte degli utenti (e.g. numero visitatori, pagine visitate, \u2026). Questi cookie sono utilizzati per analizzare il traffico sulle nostre pagine in modo anonimo, senza memorizzare dati personali.<br \/>\n&#8211; Terze parti: Google, Youtube, Facebook<br \/>\nb) di performance: tramite questi cookie \u00e8 possibile sviluppare ed implementare il servizio, migliorando la Sua esperienza di navigazione e quindi la fruizione dello stesso.<br \/>\n&#8211; Terze parti: Google, Youtube, Facebook<br \/>\nc) di profilazione &#8211; marketing: analizziamo le Sue azioni online cos\u00ec da poterLe fornire, tramite partner terzi, contenuti ed offerte commerciali in linea con i Suoi interessi anche in base alla Sua precedente esperienza di navigazione. Queste informazioni vengono gestite separatamente dai dati identificativi in possesso del Titolare.<br \/>\n&#8211; Terze parti: Google, Youtube, Facebook<br \/>\n&#8211;<br \/>\n<strong>4. COME VIENE PRESTATO IL CONSENSO (OPT-IN) ALL\u2019UTILIZZO DEI COOKIE<\/strong><br \/>\nIl consenso all\u2019utilizzo dei cookie di profilazione viene prestato dall\u2019utente cliccando sul relativo pulsante di accettazione, posizionato nel banner contenente l\u2019informativa breve, o manifestando in qualsiasi altro modo, esplicito e valido, la sua volont\u00e0 ad acconsentirne l\u2019installazione. Il consenso prestato pu\u00f2 essere revocato in ogni momento.<br \/>\nI cookie tecnici non richiedono consenso, pertanto vengono installati automaticamente a seguito dell\u2019accesso al sito o al servizio.<\/p>\n<p><strong>5. COME REVOCARE (OPT-OUT) IL CONSENSO ALL\u2019UTILIZZO DEI COOKIE<\/strong><\/p>\n<p style=\"text-align: left;\">I cookie possono essere completamente disattivati dal browser utilizzando l\u2019apposita funzione prevista nella maggior parte dei programmi di navigazione.<br \/>\n\u00c8 bene sapere per\u00f2 che disattivando i cookie alcune delle funzionalit\u00e0 del sito potrebbero non essere utilizzabili.<br \/>\nLe procedure per modificare le impostazioni e i cookie differiscono da browser a browser. Se necessario, utilizzate la funzione di guida del browser o fate clic su uno dei seguenti collegamenti per accedere direttamente al manuale dell&#8217;utente del browser.<br \/>\n<a href=\"https:\/\/support.microsoft.com\/en-in\/help\/278835\/how-to-delete-cookie-files-in-internet-explorer\">Internet Explorer<\/a><br \/>\n<a href=\"https:\/\/support.mozilla.org\/en-US\/kb\/delete-cookies-remove-info-websites-stored\">Mozilla Firefox<\/a><br \/>\n<a href=\"https:\/\/support.google.com\/chrome\/answer\/95647?co=GENIE.Platform%3DDesktop&amp;hl=en\">Google Chrome<\/a><br \/>\n<a href=\"https:\/\/support.apple.com\/kb\/ph21411?locale=en_US\">Safari<\/a><br \/>\n<a href=\"http:\/\/www.opera.com\/help\/tutorials\/security\/privacy\/\">Opera<\/a><br \/>\nPer disattivare singolarmente i cookie di performance e di profilazione di terza parte clicchi sui link all\u2019informativa delle terze parti espressamente indicati al precedente punto 2 della presente policy sui cookie.<\/p>\n<p>&nbsp;<\/p>\n","protected":false},"excerpt":{"rendered":"<p>1. CHI RACCOGLIE E TRATTA I DATI La presente Cookie Policy, resa da Ruth\u2019s S.r.l. per Antica Dimora Johlea, Antica Dimora Firenze, La Casa del Mercato e La Casa di Via Tornabuoni; da Residenza Hannah di Vitta Edoardo e RJ di Luca Screti &amp; C. per Antica Dimora Johanna, in qualit\u00e0 di Titolari, ha lo<\/p>\n","protected":false},"author":5,"featured_media":903,"parent":0,"menu_order":0,"comment_status":"closed","ping_status":"closed","template":"pagina_semplice.php","meta":{"_acf_changed":false,"footnotes":""},"class_list":["post-1835","page","type-page","status-publish","has-post-thumbnail","hentry"],"acf":[],"yoast_head":"<!-- This site is optimized with the Yoast SEO plugin v25.3.1 - https:\/\/yoast.com\/wordpress\/plugins\/seo\/ -->\n<title>Cookies | Antiche Dimore Fiorentine<\/title>\n<meta name=\"robots\" content=\"index, follow, max-snippet:-1, max-image-preview:large, max-video-preview:-1\" \/>\n<link rel=\"canonical\" href=\"https:\/\/www.antichedimorefiorentine.it\/it\/cookies\/\" \/>\n<meta property=\"og:locale\" content=\"it_IT\" \/>\n<meta property=\"og:type\" content=\"article\" \/>\n<meta property=\"og:title\" content=\"Cookies | Antiche Dimore Fiorentine\" \/>\n<meta property=\"og:description\" content=\"1. CHI RACCOGLIE E TRATTA I DATI La presente Cookie Policy, resa da Ruth\u2019s S.r.l. per Antica Dimora Johlea, Antica Dimora Firenze, La Casa del Mercato e La Casa di Via Tornabuoni; da Residenza Hannah di Vitta Edoardo e RJ di Luca Screti &amp; C. per Antica Dimora Johanna, in qualit\u00e0 di Titolari, ha lo\" \/>\n<meta property=\"og:url\" content=\"https:\/\/www.antichedimorefiorentine.it\/it\/cookies\/\" \/>\n<meta property=\"og:site_name\" content=\"Antiche Dimore Fiorentine\" \/>\n<meta property=\"article:modified_time\" content=\"2019-08-04T12:00:31+00:00\" \/>\n<meta property=\"og:image\" content=\"https:\/\/www.antichedimorefiorentine.it\/wp-content\/uploads\/2019\/07\/img_header_dove_siamo.jpg\" \/>\n\t<meta property=\"og:image:width\" content=\"1920\" \/>\n\t<meta property=\"og:image:height\" content=\"920\" \/>\n\t<meta property=\"og:image:type\" content=\"image\/jpeg\" \/>\n<meta name=\"twitter:card\" content=\"summary_large_image\" \/>\n<meta name=\"twitter:label1\" content=\"Tempo di lettura stimato\" \/>\n\t<meta name=\"twitter:data1\" content=\"4 minuti\" \/>\n<script type=\"application\/ld+json\" class=\"yoast-schema-graph\">{\"@context\":\"https:\/\/schema.org\",\"@graph\":[{\"@type\":\"WebPage\",\"@id\":\"https:\/\/www.antichedimorefiorentine.it\/it\/cookies\/\",\"url\":\"https:\/\/www.antichedimorefiorentine.it\/it\/cookies\/\",\"name\":\"Cookies | Antiche Dimore Fiorentine\",\"isPartOf\":{\"@id\":\"https:\/\/www.antichedimorefiorentine.it\/it\/#website\"},\"primaryImageOfPage\":{\"@id\":\"https:\/\/www.antichedimorefiorentine.it\/it\/cookies\/#primaryimage\"},\"image\":{\"@id\":\"https:\/\/www.antichedimorefiorentine.it\/it\/cookies\/#primaryimage\"},\"thumbnailUrl\":\"https:\/\/www.antichedimorefiorentine.it\/wp-content\/uploads\/2019\/07\/img_header_dove_siamo.jpg\",\"datePublished\":\"2019-08-01T07:17:44+00:00\",\"dateModified\":\"2019-08-04T12:00:31+00:00\",\"breadcrumb\":{\"@id\":\"https:\/\/www.antichedimorefiorentine.it\/it\/cookies\/#breadcrumb\"},\"inLanguage\":\"it-IT\",\"potentialAction\":[{\"@type\":\"ReadAction\",\"target\":[\"https:\/\/www.antichedimorefiorentine.it\/it\/cookies\/\"]}]},{\"@type\":\"ImageObject\",\"inLanguage\":\"it-IT\",\"@id\":\"https:\/\/www.antichedimorefiorentine.it\/it\/cookies\/#primaryimage\",\"url\":\"https:\/\/www.antichedimorefiorentine.it\/wp-content\/uploads\/2019\/07\/img_header_dove_siamo.jpg\",\"contentUrl\":\"https:\/\/www.antichedimorefiorentine.it\/wp-content\/uploads\/2019\/07\/img_header_dove_siamo.jpg\",\"width\":1920,\"height\":920,\"caption\":\"Visit Florence Italy\"},{\"@type\":\"BreadcrumbList\",\"@id\":\"https:\/\/www.antichedimorefiorentine.it\/it\/cookies\/#breadcrumb\",\"itemListElement\":[{\"@type\":\"ListItem\",\"position\":1,\"name\":\"Home\",\"item\":\"https:\/\/www.antichedimorefiorentine.it\/it\/\"},{\"@type\":\"ListItem\",\"position\":2,\"name\":\"Cookies\"}]},{\"@type\":\"WebSite\",\"@id\":\"https:\/\/www.antichedimorefiorentine.it\/it\/#website\",\"url\":\"https:\/\/www.antichedimorefiorentine.it\/it\/\",\"name\":\"Antiche Dimore Fiorentine\",\"description\":\"Just another WordPress site\",\"publisher\":{\"@id\":\"https:\/\/www.antichedimorefiorentine.it\/it\/#organization\"},\"potentialAction\":[{\"@type\":\"SearchAction\",\"target\":{\"@type\":\"EntryPoint\",\"urlTemplate\":\"https:\/\/www.antichedimorefiorentine.it\/it\/?s={search_term_string}\"},\"query-input\":{\"@type\":\"PropertyValueSpecification\",\"valueRequired\":true,\"valueName\":\"search_term_string\"}}],\"inLanguage\":\"it-IT\"},{\"@type\":\"Organization\",\"@id\":\"https:\/\/www.antichedimorefiorentine.it\/it\/#organization\",\"name\":\"Antiche Dimore Fiorentine\",\"url\":\"https:\/\/www.antichedimorefiorentine.it\/it\/\",\"logo\":{\"@type\":\"ImageObject\",\"inLanguage\":\"it-IT\",\"@id\":\"https:\/\/www.antichedimorefiorentine.it\/it\/#\/schema\/logo\/image\/\",\"url\":\"https:\/\/www.antichedimorefiorentine.it\/wp-content\/uploads\/2019\/08\/adf_logo.png\",\"contentUrl\":\"https:\/\/www.antichedimorefiorentine.it\/wp-content\/uploads\/2019\/08\/adf_logo.png\",\"width\":300,\"height\":64,\"caption\":\"Antiche Dimore Fiorentine\"},\"image\":{\"@id\":\"https:\/\/www.antichedimorefiorentine.it\/it\/#\/schema\/logo\/image\/\"}}]}<\/script>\n<!-- \/ Yoast SEO plugin. -->","yoast_head_json":{"title":"Cookies | Antiche Dimore Fiorentine","robots":{"index":"index","follow":"follow","max-snippet":"max-snippet:-1","max-image-preview":"max-image-preview:large","max-video-preview":"max-video-preview:-1"},"canonical":"https:\/\/www.antichedimorefiorentine.it\/it\/cookies\/","og_locale":"it_IT","og_type":"article","og_title":"Cookies | Antiche Dimore Fiorentine","og_description":"1. CHI RACCOGLIE E TRATTA I DATI La presente Cookie Policy, resa da Ruth\u2019s S.r.l. per Antica Dimora Johlea, Antica Dimora Firenze, La Casa del Mercato e La Casa di Via Tornabuoni; da Residenza Hannah di Vitta Edoardo e RJ di Luca Screti &amp; C. per Antica Dimora Johanna, in qualit\u00e0 di Titolari, ha lo","og_url":"https:\/\/www.antichedimorefiorentine.it\/it\/cookies\/","og_site_name":"Antiche Dimore Fiorentine","article_modified_time":"2019-08-04T12:00:31+00:00","og_image":[{"width":1920,"height":920,"url":"https:\/\/www.antichedimorefiorentine.it\/wp-content\/uploads\/2019\/07\/img_header_dove_siamo.jpg","type":"image\/jpeg"}],"twitter_card":"summary_large_image","twitter_misc":{"Tempo di lettura stimato":"4 minuti"},"schema":{"@context":"https:\/\/schema.org","@graph":[{"@type":"WebPage","@id":"https:\/\/www.antichedimorefiorentine.it\/it\/cookies\/","url":"https:\/\/www.antichedimorefiorentine.it\/it\/cookies\/","name":"Cookies | Antiche Dimore Fiorentine","isPartOf":{"@id":"https:\/\/www.antichedimorefiorentine.it\/it\/#website"},"primaryImageOfPage":{"@id":"https:\/\/www.antichedimorefiorentine.it\/it\/cookies\/#primaryimage"},"image":{"@id":"https:\/\/www.antichedimorefiorentine.it\/it\/cookies\/#primaryimage"},"thumbnailUrl":"https:\/\/www.antichedimorefiorentine.it\/wp-content\/uploads\/2019\/07\/img_header_dove_siamo.jpg","datePublished":"2019-08-01T07:17:44+00:00","dateModified":"2019-08-04T12:00:31+00:00","breadcrumb":{"@id":"https:\/\/www.antichedimorefiorentine.it\/it\/cookies\/#breadcrumb"},"inLanguage":"it-IT","potentialAction":[{"@type":"ReadAction","target":["https:\/\/www.antichedimorefiorentine.it\/it\/cookies\/"]}]},{"@type":"ImageObject","inLanguage":"it-IT","@id":"https:\/\/www.antichedimorefiorentine.it\/it\/cookies\/#primaryimage","url":"https:\/\/www.antichedimorefiorentine.it\/wp-content\/uploads\/2019\/07\/img_header_dove_siamo.jpg","contentUrl":"https:\/\/www.antichedimorefiorentine.it\/wp-content\/uploads\/2019\/07\/img_header_dove_siamo.jpg","width":1920,"height":920,"caption":"Visit Florence Italy"},{"@type":"BreadcrumbList","@id":"https:\/\/www.antichedimorefiorentine.it\/it\/cookies\/#breadcrumb","itemListElement":[{"@type":"ListItem","position":1,"name":"Home","item":"https:\/\/www.antichedimorefiorentine.it\/it\/"},{"@type":"ListItem","position":2,"name":"Cookies"}]},{"@type":"WebSite","@id":"https:\/\/www.antichedimorefiorentine.it\/it\/#website","url":"https:\/\/www.antichedimorefiorentine.it\/it\/","name":"Antiche Dimore Fiorentine","description":"Just another WordPress site","publisher":{"@id":"https:\/\/www.antichedimorefiorentine.it\/it\/#organization"},"potentialAction":[{"@type":"SearchAction","target":{"@type":"EntryPoint","urlTemplate":"https:\/\/www.antichedimorefiorentine.it\/it\/?s={search_term_string}"},"query-input":{"@type":"PropertyValueSpecification","valueRequired":true,"valueName":"search_term_string"}}],"inLanguage":"it-IT"},{"@type":"Organization","@id":"https:\/\/www.antichedimorefiorentine.it\/it\/#organization","name":"Antiche Dimore Fiorentine","url":"https:\/\/www.antichedimorefiorentine.it\/it\/","logo":{"@type":"ImageObject","inLanguage":"it-IT","@id":"https:\/\/www.antichedimorefiorentine.it\/it\/#\/schema\/logo\/image\/","url":"https:\/\/www.antichedimorefiorentine.it\/wp-content\/uploads\/2019\/08\/adf_logo.png","contentUrl":"https:\/\/www.antichedimorefiorentine.it\/wp-content\/uploads\/2019\/08\/adf_logo.png","width":300,"height":64,"caption":"Antiche Dimore Fiorentine"},"image":{"@id":"https:\/\/www.antichedimorefiorentine.it\/it\/#\/schema\/logo\/image\/"}}]}},"_links":{"self":[{"href":"https:\/\/www.antichedimorefiorentine.it\/it\/wp-json\/wp\/v2\/pages\/1835","targetHints":{"allow":["GET"]}}],"collection":[{"href":"https:\/\/www.antichedimorefiorentine.it\/it\/wp-json\/wp\/v2\/pages"}],"about":[{"href":"https:\/\/www.antichedimorefiorentine.it\/it\/wp-json\/wp\/v2\/types\/page"}],"author":[{"embeddable":true,"href":"https:\/\/www.antichedimorefiorentine.it\/it\/wp-json\/wp\/v2\/users\/5"}],"replies":[{"embeddable":true,"href":"https:\/\/www.antichedimorefiorentine.it\/it\/wp-json\/wp\/v2\/comments?post=1835"}],"version-history":[{"count":8,"href":"https:\/\/www.antichedimorefiorentine.it\/it\/wp-json\/wp\/v2\/pages\/1835\/revisions"}],"predecessor-version":[{"id":2140,"href":"https:\/\/www.antichedimorefiorentine.it\/it\/wp-json\/wp\/v2\/pages\/1835\/revisions\/2140"}],"wp:featuredmedia":[{"embeddable":true,"href":"https:\/\/www.antichedimorefiorentine.it\/it\/wp-json\/wp\/v2\/media\/903"}],"wp:attachment":[{"href":"https:\/\/www.antichedimorefiorentine.it\/it\/wp-json\/wp\/v2\/media?parent=1835"}],"curies":[{"name":"wp","href":"https:\/\/api.w.org\/{rel}","templated":true}]}}