{"id":166,"date":"2019-07-01T09:53:49","date_gmt":"2019-07-01T09:53:49","guid":{"rendered":"http:\/\/165.227.151.65\/?page_id=166"},"modified":"2019-09-25T15:32:31","modified_gmt":"2019-09-25T15:32:31","slug":"come-raggiungerci-firenze","status":"publish","type":"page","link":"https:\/\/www.antichedimorefiorentine.it\/it\/dimore\/antica-dimora-firenze-bed-and-breakfast\/come-raggiungerci-firenze\/","title":{"rendered":"Come Raggiungerci"},"content":{"rendered":"<h3 class=\"auto\">In auto<\/h3>\n<h4>ZTL: attenzione!<\/h4>\n<p>Arrivando in macchina, La preghiamo di osservare quanto segue:<br \/>\nIl centro di Firenze \u00e8 zona a traffico limitato (ZTL), il cui ingresso \u00e8 regolamentato da telecamere 24 ore su 24. Come struttura alberghiera i nostri Ospiti hanno diritto solo ad <strong>1 ingresso<\/strong> per l\u2019ARRIVO e ad <strong>1 ingresso<\/strong> per la PARTENZA. Ogni altro accesso alla ZTL \u00e8 proibito. Onde evitare multe, al momento<strong> dell\u2019arrivo<\/strong> Vi preghiamo di comunicare alla reception la targa della Vostra macchina e l\u2019ora di ingresso in ZTL per la notifica di arrivo alla Polizia Municipale. La stessa procedura dovr\u00e0 essere seguita al momento della partenza. La nostra Societ\u00e0 declina ogni responsabilit\u00e0 per eventuali omissioni o negligenze.<\/p>\n<p>Se utilizzate il navigatore suggeriamo di inserire come destinazione finale \u201cVia Cavour\u201d e seguire le nostre indicazioni da quel punto.<\/p>\n<h4>Arrivando da Roma (sud): prendere uscita autostrada FIRENZE SUD<\/h4>\n<ul>\n<li>Seguire le indicazioni \u201cViali di Circonvallazione\u201d fino ad arrivare in Piazza della Libert\u00e0.<\/li>\n<li>Girare in Via Cavour per il CENTRO STORICO e svoltare alla prima a destra (Via Sant\u2019Anna).<\/li>\n<li>Girare allo stop a destra in Via San Gallo e poi prima a sinistra Via delle Mantellate.<\/li>\n<li>Girare quindi a sinistra Via Zara e prendere la quarta strada a sinistra Via delle Ruote.<\/li>\n<li>Alla fine di Via delle Ruote girare a sinistra in Via San Gallo e dopo pochi metri sulla destra trovate Antica Dimora Johlea al numero civico 80 blu.<\/li>\n<\/ul>\n<h4>Arrivando da Milano (nord): prendere uscita autostrada FIRENZE NORD<\/h4>\n<ul>\n<li>Seguire le indicazioni &#8220;Viali di Circonvallazione &#8211; Centro&#8221; fino ad arrivare in Piazza della Libert\u00e0<\/li>\n<li>Girare in Via Cavour per il CENTRO STORICO e svoltare alla prima a destra (Via Sant&#8217;Anna).<\/li>\n<li>Girare allo stop a destra in Via San Gallo e poi prima a sinistra Via delle Mantellate.<\/li>\n<li>Girare quindi a sinistra Via Zara e prendere la quarta strada a sinistra Via delle Ruote.<\/li>\n<li>Alla fine di Via delle Ruote girare a sinistra in Via San Gallo e dopo pochi metri sulla destra trovate Antica Dimora Johlea al numero civico 80 blu.<\/li>\n<\/ul>\n<h4>Parcheggio<\/h4>\n<p>Il parcheggio nel centro di Firenze \u00e8 vietato per \u201cnon residenti\u201d. Noi non disponiamo di un nostro parcheggio, ma abbiamo delle convenzioni con alcuni garage vicini per garantire ad ogni Ospite il servizio pi\u00f9 adatto alle Sue esigenze.<br \/>\nPer esempio, i nostri ospiti possono usufruire del Posteggio con servizio Valet Parking del Garage Michelangelo . Ritiro e riconsegna della macchina direttamente alla Residenza al prezzo convenzionato di 20,00 Euro per 24 ore oppure del Parcheggio Parterre a circa 650 mt fuori dalla Ztl alla tariffa di Euro 10,00 per le 24 ora, Euro 15 per le successive , Euro 20,00 per le successive.<\/p>\n<h3 class=\"treno\">In treno<\/h3>\n<p>Antica Dimora Johlea non \u00e8 distante dalla stazione centrale Santa Maria Novella e si pu\u00f2 raggiungere in 15-20 minuti a piedi. Le indicazioni da seguire sono: Via Nazionale, Piazza Indipendenza, destra in Via XXVII Aprile, sinistra in Via San Gallo. Il taxi si pu\u00f2 prendere all\u2019uscita principale della stazione al costo indicativo di Euro 13,00-16,00.<\/p>\n<h3 class=\"aereo\">In aereo<\/h3>\n<p>L\u2019aeroporto di Firenze Peretola, Amerigo Vespucci dista 15 km e circa 20 minuti di auto da noi.<br \/>\nAll\u2019uscita dal aeroporto si pu\u00f2 prendere il taxi al costo indicativo di Euro 25,00 oppure utilizzare la nuova tramvia T2 <a href=\"https:\/\/www.gestramvia.com\/orari\" target=\"_blank\" rel=\"noopener noreferrer\">https:\/\/www.gestramvia.com\/orari<\/a> e raggiungere in circa 20 minuti la Stazione Santa Maria Novella. Per dettagli consultare il sito <a href=\"https:\/\/www.aeroporto.firenze.it\/it\/i-passeggeri\/trasporti.html\" target=\"_blank\" rel=\"noopener noreferrer\">https:\/\/www.aeroporto.firenze.it\/it\/i-passeggeri\/trasporti.html<\/a><br \/>\nL\u2019aeroporto di Pisa, Galileo Galilei dista 80 chilometri e circa 60 minuti di auto da noi. Fino alla stazione centrale Santa Maria Novella si pu\u00f2 arrivare con il treno oppure con l\u2019autobus. <a href=\"https:\/\/www.pisa-airport.com\/it\/i-passeggeri\/trasporti.html\" target=\"_blank\" rel=\"noopener noreferrer\">https:\/\/www.pisa-airport.com\/it\/i-passeggeri\/trasporti.html<\/a><\/p>\n","protected":false},"excerpt":{"rendered":"<p>In auto ZTL: attenzione! Arrivando in macchina, La preghiamo di osservare quanto segue: Il centro di Firenze \u00e8 zona a traffico limitato (ZTL), il cui ingresso \u00e8 regolamentato da telecamere 24 ore su 24. Come struttura alberghiera i nostri Ospiti hanno diritto solo ad 1 ingresso per l\u2019ARRIVO e ad 1 ingresso per la PARTENZA.<\/p>\n","protected":false},"author":5,"featured_media":0,"parent":164,"menu_order":0,"comment_status":"closed","ping_status":"closed","template":"come-raggiungerci-firenze.php","meta":{"_acf_changed":false,"footnotes":""},"class_list":["post-166","page","type-page","status-publish","hentry"],"acf":[],"yoast_head":"<!-- This site is optimized with the Yoast SEO plugin v25.3.1 - https:\/\/yoast.com\/wordpress\/plugins\/seo\/ -->\n<title>Antica Dimora Firenze | Come Raggiungerci<\/title>\n<meta name=\"description\" content=\"Come raggiungere Antica Dimora Firenze a Firenze.\" \/>\n<meta name=\"robots\" content=\"index, follow, max-snippet:-1, max-image-preview:large, max-video-preview:-1\" \/>\n<link rel=\"canonical\" href=\"https:\/\/www.antichedimorefiorentine.it\/it\/dimore\/antica-dimora-firenze-bed-and-breakfast\/come-raggiungerci-firenze\/\" \/>\n<meta property=\"og:locale\" content=\"it_IT\" \/>\n<meta property=\"og:type\" content=\"article\" \/>\n<meta property=\"og:title\" content=\"Antica Dimora Firenze | Come Raggiungerci\" \/>\n<meta property=\"og:description\" content=\"Come raggiungere Antica Dimora Firenze a Firenze.\" \/>\n<meta property=\"og:url\" content=\"https:\/\/www.antichedimorefiorentine.it\/it\/dimore\/antica-dimora-firenze-bed-and-breakfast\/come-raggiungerci-firenze\/\" \/>\n<meta property=\"og:site_name\" content=\"Antiche Dimore Fiorentine\" \/>\n<meta property=\"article:modified_time\" content=\"2019-09-25T15:32:31+00:00\" \/>\n<meta name=\"twitter:card\" content=\"summary_large_image\" \/>\n<meta name=\"twitter:label1\" content=\"Tempo di lettura stimato\" \/>\n\t<meta name=\"twitter:data1\" content=\"3 minuti\" \/>\n<script type=\"application\/ld+json\" class=\"yoast-schema-graph\">{\"@context\":\"https:\/\/schema.org\",\"@graph\":[{\"@type\":\"WebPage\",\"@id\":\"https:\/\/www.antichedimorefiorentine.it\/it\/dimore\/antica-dimora-firenze-bed-and-breakfast\/come-raggiungerci-firenze\/\",\"url\":\"https:\/\/www.antichedimorefiorentine.it\/it\/dimore\/antica-dimora-firenze-bed-and-breakfast\/come-raggiungerci-firenze\/\",\"name\":\"Antica Dimora Firenze | Come Raggiungerci\",\"isPartOf\":{\"@id\":\"https:\/\/www.antichedimorefiorentine.it\/it\/#website\"},\"datePublished\":\"2019-07-01T09:53:49+00:00\",\"dateModified\":\"2019-09-25T15:32:31+00:00\",\"description\":\"Come raggiungere Antica Dimora Firenze a Firenze.\",\"breadcrumb\":{\"@id\":\"https:\/\/www.antichedimorefiorentine.it\/it\/dimore\/antica-dimora-firenze-bed-and-breakfast\/come-raggiungerci-firenze\/#breadcrumb\"},\"inLanguage\":\"it-IT\",\"potentialAction\":[{\"@type\":\"ReadAction\",\"target\":[\"https:\/\/www.antichedimorefiorentine.it\/it\/dimore\/antica-dimora-firenze-bed-and-breakfast\/come-raggiungerci-firenze\/\"]}]},{\"@type\":\"BreadcrumbList\",\"@id\":\"https:\/\/www.antichedimorefiorentine.it\/it\/dimore\/antica-dimora-firenze-bed-and-breakfast\/come-raggiungerci-firenze\/#breadcrumb\",\"itemListElement\":[{\"@type\":\"ListItem\",\"position\":1,\"name\":\"Home\",\"item\":\"https:\/\/www.antichedimorefiorentine.it\/it\/\"},{\"@type\":\"ListItem\",\"position\":2,\"name\":\"Dimore\",\"item\":\"https:\/\/www.antichedimorefiorentine.it\/it\/dimore\/\"},{\"@type\":\"ListItem\",\"position\":3,\"name\":\"Antica Dimora Firenze\",\"item\":\"https:\/\/www.antichedimorefiorentine.it\/it\/dimore\/antica-dimora-firenze-bed-and-breakfast\/\"},{\"@type\":\"ListItem\",\"position\":4,\"name\":\"Come Raggiungerci\"}]},{\"@type\":\"WebSite\",\"@id\":\"https:\/\/www.antichedimorefiorentine.it\/it\/#website\",\"url\":\"https:\/\/www.antichedimorefiorentine.it\/it\/\",\"name\":\"Antiche Dimore Fiorentine\",\"description\":\"Just another WordPress site\",\"publisher\":{\"@id\":\"https:\/\/www.antichedimorefiorentine.it\/it\/#organization\"},\"potentialAction\":[{\"@type\":\"SearchAction\",\"target\":{\"@type\":\"EntryPoint\",\"urlTemplate\":\"https:\/\/www.antichedimorefiorentine.it\/it\/?s={search_term_string}\"},\"query-input\":{\"@type\":\"PropertyValueSpecification\",\"valueRequired\":true,\"valueName\":\"search_term_string\"}}],\"inLanguage\":\"it-IT\"},{\"@type\":\"Organization\",\"@id\":\"https:\/\/www.antichedimorefiorentine.it\/it\/#organization\",\"name\":\"Antiche Dimore Fiorentine\",\"url\":\"https:\/\/www.antichedimorefiorentine.it\/it\/\",\"logo\":{\"@type\":\"ImageObject\",\"inLanguage\":\"it-IT\",\"@id\":\"https:\/\/www.antichedimorefiorentine.it\/it\/#\/schema\/logo\/image\/\",\"url\":\"https:\/\/www.antichedimorefiorentine.it\/wp-content\/uploads\/2019\/08\/adf_logo.png\",\"contentUrl\":\"https:\/\/www.antichedimorefiorentine.it\/wp-content\/uploads\/2019\/08\/adf_logo.png\",\"width\":300,\"height\":64,\"caption\":\"Antiche Dimore Fiorentine\"},\"image\":{\"@id\":\"https:\/\/www.antichedimorefiorentine.it\/it\/#\/schema\/logo\/image\/\"}}]}<\/script>\n<!-- \/ Yoast SEO plugin. -->","yoast_head_json":{"title":"Antica Dimora Firenze | Come Raggiungerci","description":"Come raggiungere Antica Dimora Firenze a Firenze.","robots":{"index":"index","follow":"follow","max-snippet":"max-snippet:-1","max-image-preview":"max-image-preview:large","max-video-preview":"max-video-preview:-1"},"canonical":"https:\/\/www.antichedimorefiorentine.it\/it\/dimore\/antica-dimora-firenze-bed-and-breakfast\/come-raggiungerci-firenze\/","og_locale":"it_IT","og_type":"article","og_title":"Antica Dimora Firenze | Come Raggiungerci","og_description":"Come raggiungere Antica Dimora Firenze a Firenze.","og_url":"https:\/\/www.antichedimorefiorentine.it\/it\/dimore\/antica-dimora-firenze-bed-and-breakfast\/come-raggiungerci-firenze\/","og_site_name":"Antiche Dimore Fiorentine","article_modified_time":"2019-09-25T15:32:31+00:00","twitter_card":"summary_large_image","twitter_misc":{"Tempo di lettura stimato":"3 minuti"},"schema":{"@context":"https:\/\/schema.org","@graph":[{"@type":"WebPage","@id":"https:\/\/www.antichedimorefiorentine.it\/it\/dimore\/antica-dimora-firenze-bed-and-breakfast\/come-raggiungerci-firenze\/","url":"https:\/\/www.antichedimorefiorentine.it\/it\/dimore\/antica-dimora-firenze-bed-and-breakfast\/come-raggiungerci-firenze\/","name":"Antica Dimora Firenze | Come Raggiungerci","isPartOf":{"@id":"https:\/\/www.antichedimorefiorentine.it\/it\/#website"},"datePublished":"2019-07-01T09:53:49+00:00","dateModified":"2019-09-25T15:32:31+00:00","description":"Come raggiungere Antica Dimora Firenze a Firenze.","breadcrumb":{"@id":"https:\/\/www.antichedimorefiorentine.it\/it\/dimore\/antica-dimora-firenze-bed-and-breakfast\/come-raggiungerci-firenze\/#breadcrumb"},"inLanguage":"it-IT","potentialAction":[{"@type":"ReadAction","target":["https:\/\/www.antichedimorefiorentine.it\/it\/dimore\/antica-dimora-firenze-bed-and-breakfast\/come-raggiungerci-firenze\/"]}]},{"@type":"BreadcrumbList","@id":"https:\/\/www.antichedimorefiorentine.it\/it\/dimore\/antica-dimora-firenze-bed-and-breakfast\/come-raggiungerci-firenze\/#breadcrumb","itemListElement":[{"@type":"ListItem","position":1,"name":"Home","item":"https:\/\/www.antichedimorefiorentine.it\/it\/"},{"@type":"ListItem","position":2,"name":"Dimore","item":"https:\/\/www.antichedimorefiorentine.it\/it\/dimore\/"},{"@type":"ListItem","position":3,"name":"Antica Dimora Firenze","item":"https:\/\/www.antichedimorefiorentine.it\/it\/dimore\/antica-dimora-firenze-bed-and-breakfast\/"},{"@type":"ListItem","position":4,"name":"Come Raggiungerci"}]},{"@type":"WebSite","@id":"https:\/\/www.antichedimorefiorentine.it\/it\/#website","url":"https:\/\/www.antichedimorefiorentine.it\/it\/","name":"Antiche Dimore Fiorentine","description":"Just another WordPress site","publisher":{"@id":"https:\/\/www.antichedimorefiorentine.it\/it\/#organization"},"potentialAction":[{"@type":"SearchAction","target":{"@type":"EntryPoint","urlTemplate":"https:\/\/www.antichedimorefiorentine.it\/it\/?s={search_term_string}"},"query-input":{"@type":"PropertyValueSpecification","valueRequired":true,"valueName":"search_term_string"}}],"inLanguage":"it-IT"},{"@type":"Organization","@id":"https:\/\/www.antichedimorefiorentine.it\/it\/#organization","name":"Antiche Dimore Fiorentine","url":"https:\/\/www.antichedimorefiorentine.it\/it\/","logo":{"@type":"ImageObject","inLanguage":"it-IT","@id":"https:\/\/www.antichedimorefiorentine.it\/it\/#\/schema\/logo\/image\/","url":"https:\/\/www.antichedimorefiorentine.it\/wp-content\/uploads\/2019\/08\/adf_logo.png","contentUrl":"https:\/\/www.antichedimorefiorentine.it\/wp-content\/uploads\/2019\/08\/adf_logo.png","width":300,"height":64,"caption":"Antiche Dimore Fiorentine"},"image":{"@id":"https:\/\/www.antichedimorefiorentine.it\/it\/#\/schema\/logo\/image\/"}}]}},"_links":{"self":[{"href":"https:\/\/www.antichedimorefiorentine.it\/it\/wp-json\/wp\/v2\/pages\/166","targetHints":{"allow":["GET"]}}],"collection":[{"href":"https:\/\/www.antichedimorefiorentine.it\/it\/wp-json\/wp\/v2\/pages"}],"about":[{"href":"https:\/\/www.antichedimorefiorentine.it\/it\/wp-json\/wp\/v2\/types\/page"}],"author":[{"embeddable":true,"href":"https:\/\/www.antichedimorefiorentine.it\/it\/wp-json\/wp\/v2\/users\/5"}],"replies":[{"embeddable":true,"href":"https:\/\/www.antichedimorefiorentine.it\/it\/wp-json\/wp\/v2\/comments?post=166"}],"version-history":[{"count":7,"href":"https:\/\/www.antichedimorefiorentine.it\/it\/wp-json\/wp\/v2\/pages\/166\/revisions"}],"predecessor-version":[{"id":2676,"href":"https:\/\/www.antichedimorefiorentine.it\/it\/wp-json\/wp\/v2\/pages\/166\/revisions\/2676"}],"up":[{"embeddable":true,"href":"https:\/\/www.antichedimorefiorentine.it\/it\/wp-json\/wp\/v2\/pages\/164"}],"wp:attachment":[{"href":"https:\/\/www.antichedimorefiorentine.it\/it\/wp-json\/wp\/v2\/media?parent=166"}],"curies":[{"name":"wp","href":"https:\/\/api.w.org\/{rel}","templated":true}]}}