{"id":164,"date":"2019-07-01T09:53:02","date_gmt":"2019-07-01T09:53:02","guid":{"rendered":"http:\/\/165.227.151.65\/?page_id=164"},"modified":"2025-03-26T11:38:12","modified_gmt":"2025-03-26T11:38:12","slug":"antica-dimora-firenze-bed-and-breakfast","status":"publish","type":"page","link":"https:\/\/www.antichedimorefiorentine.it\/it\/dimore\/antica-dimora-firenze-bed-and-breakfast\/","title":{"rendered":"Antica Dimora Firenze"},"content":{"rendered":"<p>Antica Dimora Firenze \u00e8 un&#8217;esclusiva ed intima Guest House\u00a0a Firenze, che preserva tutta l\u2019atmosfera unica ed originale dello charme antico della citt\u00e0, abbinato ai pi\u00f9 moderni comfort. La romantica sala comune permette di rilassarsi in ogni momento e vi accoglier\u00e0 per un t\u00e8 ed una fetta di torta al rientro dalle vostre attivit\u00e0 quotidiane.<\/p>\n","protected":false},"excerpt":{"rendered":"<p>Antica Dimora Firenze \u00e8 un&#8217;esclusiva ed intima Guest House\u00a0a Firenze, che preserva tutta l\u2019atmosfera unica ed originale dello charme antico della citt\u00e0, abbinato ai pi\u00f9 moderni comfort. La romantica sala comune permette di rilassarsi in ogni momento e vi accoglier\u00e0 per un t\u00e8 ed una fetta di torta al rientro dalle vostre attivit\u00e0 quotidiane.<\/p>\n","protected":false},"author":5,"featured_media":0,"parent":158,"menu_order":2,"comment_status":"closed","ping_status":"closed","template":"dimora-firenze.php","meta":{"_acf_changed":false,"footnotes":""},"class_list":["post-164","page","type-page","status-publish","hentry"],"acf":[],"yoast_head":"<!-- This site is optimized with the Yoast SEO plugin v25.3.1 - https:\/\/yoast.com\/wordpress\/plugins\/seo\/ -->\n<title>Antica Dimora Firenze Guest House | Soggiorno di charme a Firenze<\/title>\n<meta name=\"description\" content=\"Guest House di charme Antica Dimora Firenze, offre un soggiorno intimo ed esclusivo, immerso nel mondo dei colori e dei profumi della Firenza pi\u00f9 autentica.\" \/>\n<meta name=\"robots\" content=\"index, follow, max-snippet:-1, max-image-preview:large, max-video-preview:-1\" \/>\n<link rel=\"canonical\" href=\"https:\/\/www.antichedimorefiorentine.it\/it\/dimore\/antica-dimora-firenze-bed-and-breakfast\/\" \/>\n<meta property=\"og:locale\" content=\"it_IT\" \/>\n<meta property=\"og:type\" content=\"article\" \/>\n<meta property=\"og:title\" content=\"Antica Dimora Firenze Guest House | Soggiorno di charme a Firenze\" \/>\n<meta property=\"og:description\" content=\"Guest House di charme Antica Dimora Firenze, offre un soggiorno intimo ed esclusivo, immerso nel mondo dei colori e dei profumi della Firenza pi\u00f9 autentica.\" \/>\n<meta property=\"og:url\" content=\"https:\/\/www.antichedimorefiorentine.it\/it\/dimore\/antica-dimora-firenze-bed-and-breakfast\/\" \/>\n<meta property=\"og:site_name\" content=\"Antiche Dimore Fiorentine\" \/>\n<meta property=\"article:modified_time\" content=\"2025-03-26T11:38:12+00:00\" \/>\n<meta name=\"twitter:card\" content=\"summary_large_image\" \/>\n<meta name=\"twitter:label1\" content=\"Tempo di lettura stimato\" \/>\n\t<meta name=\"twitter:data1\" content=\"1 minuto\" \/>\n<script type=\"application\/ld+json\" class=\"yoast-schema-graph\">{\"@context\":\"https:\/\/schema.org\",\"@graph\":[{\"@type\":\"WebPage\",\"@id\":\"https:\/\/www.antichedimorefiorentine.it\/it\/dimore\/antica-dimora-firenze-bed-and-breakfast\/\",\"url\":\"https:\/\/www.antichedimorefiorentine.it\/it\/dimore\/antica-dimora-firenze-bed-and-breakfast\/\",\"name\":\"Antica Dimora Firenze Guest House | Soggiorno di charme a Firenze\",\"isPartOf\":{\"@id\":\"https:\/\/www.antichedimorefiorentine.it\/it\/#website\"},\"datePublished\":\"2019-07-01T09:53:02+00:00\",\"dateModified\":\"2025-03-26T11:38:12+00:00\",\"description\":\"Guest House di charme Antica Dimora Firenze, offre un soggiorno intimo ed esclusivo, immerso nel mondo dei colori e dei profumi della Firenza pi\u00f9 autentica.\",\"breadcrumb\":{\"@id\":\"https:\/\/www.antichedimorefiorentine.it\/it\/dimore\/antica-dimora-firenze-bed-and-breakfast\/#breadcrumb\"},\"inLanguage\":\"it-IT\",\"potentialAction\":[{\"@type\":\"ReadAction\",\"target\":[\"https:\/\/www.antichedimorefiorentine.it\/it\/dimore\/antica-dimora-firenze-bed-and-breakfast\/\"]}]},{\"@type\":\"BreadcrumbList\",\"@id\":\"https:\/\/www.antichedimorefiorentine.it\/it\/dimore\/antica-dimora-firenze-bed-and-breakfast\/#breadcrumb\",\"itemListElement\":[{\"@type\":\"ListItem\",\"position\":1,\"name\":\"Home\",\"item\":\"https:\/\/www.antichedimorefiorentine.it\/it\/\"},{\"@type\":\"ListItem\",\"position\":2,\"name\":\"Dimore\",\"item\":\"https:\/\/www.antichedimorefiorentine.it\/it\/dimore\/\"},{\"@type\":\"ListItem\",\"position\":3,\"name\":\"Antica Dimora Firenze\"}]},{\"@type\":\"WebSite\",\"@id\":\"https:\/\/www.antichedimorefiorentine.it\/it\/#website\",\"url\":\"https:\/\/www.antichedimorefiorentine.it\/it\/\",\"name\":\"Antiche Dimore Fiorentine\",\"description\":\"Just another WordPress site\",\"publisher\":{\"@id\":\"https:\/\/www.antichedimorefiorentine.it\/it\/#organization\"},\"potentialAction\":[{\"@type\":\"SearchAction\",\"target\":{\"@type\":\"EntryPoint\",\"urlTemplate\":\"https:\/\/www.antichedimorefiorentine.it\/it\/?s={search_term_string}\"},\"query-input\":{\"@type\":\"PropertyValueSpecification\",\"valueRequired\":true,\"valueName\":\"search_term_string\"}}],\"inLanguage\":\"it-IT\"},{\"@type\":\"Organization\",\"@id\":\"https:\/\/www.antichedimorefiorentine.it\/it\/#organization\",\"name\":\"Antiche Dimore Fiorentine\",\"url\":\"https:\/\/www.antichedimorefiorentine.it\/it\/\",\"logo\":{\"@type\":\"ImageObject\",\"inLanguage\":\"it-IT\",\"@id\":\"https:\/\/www.antichedimorefiorentine.it\/it\/#\/schema\/logo\/image\/\",\"url\":\"https:\/\/www.antichedimorefiorentine.it\/wp-content\/uploads\/2019\/08\/adf_logo.png\",\"contentUrl\":\"https:\/\/www.antichedimorefiorentine.it\/wp-content\/uploads\/2019\/08\/adf_logo.png\",\"width\":300,\"height\":64,\"caption\":\"Antiche Dimore Fiorentine\"},\"image\":{\"@id\":\"https:\/\/www.antichedimorefiorentine.it\/it\/#\/schema\/logo\/image\/\"}}]}<\/script>\n<!-- \/ Yoast SEO plugin. -->","yoast_head_json":{"title":"Antica Dimora Firenze Guest House | Soggiorno di charme a Firenze","description":"Guest House di charme Antica Dimora Firenze, offre un soggiorno intimo ed esclusivo, immerso nel mondo dei colori e dei profumi della Firenza pi\u00f9 autentica.","robots":{"index":"index","follow":"follow","max-snippet":"max-snippet:-1","max-image-preview":"max-image-preview:large","max-video-preview":"max-video-preview:-1"},"canonical":"https:\/\/www.antichedimorefiorentine.it\/it\/dimore\/antica-dimora-firenze-bed-and-breakfast\/","og_locale":"it_IT","og_type":"article","og_title":"Antica Dimora Firenze Guest House | Soggiorno di charme a Firenze","og_description":"Guest House di charme Antica Dimora Firenze, offre un soggiorno intimo ed esclusivo, immerso nel mondo dei colori e dei profumi della Firenza pi\u00f9 autentica.","og_url":"https:\/\/www.antichedimorefiorentine.it\/it\/dimore\/antica-dimora-firenze-bed-and-breakfast\/","og_site_name":"Antiche Dimore Fiorentine","article_modified_time":"2025-03-26T11:38:12+00:00","twitter_card":"summary_large_image","twitter_misc":{"Tempo di lettura stimato":"1 minuto"},"schema":{"@context":"https:\/\/schema.org","@graph":[{"@type":"WebPage","@id":"https:\/\/www.antichedimorefiorentine.it\/it\/dimore\/antica-dimora-firenze-bed-and-breakfast\/","url":"https:\/\/www.antichedimorefiorentine.it\/it\/dimore\/antica-dimora-firenze-bed-and-breakfast\/","name":"Antica Dimora Firenze Guest House | Soggiorno di charme a Firenze","isPartOf":{"@id":"https:\/\/www.antichedimorefiorentine.it\/it\/#website"},"datePublished":"2019-07-01T09:53:02+00:00","dateModified":"2025-03-26T11:38:12+00:00","description":"Guest House di charme Antica Dimora Firenze, offre un soggiorno intimo ed esclusivo, immerso nel mondo dei colori e dei profumi della Firenza pi\u00f9 autentica.","breadcrumb":{"@id":"https:\/\/www.antichedimorefiorentine.it\/it\/dimore\/antica-dimora-firenze-bed-and-breakfast\/#breadcrumb"},"inLanguage":"it-IT","potentialAction":[{"@type":"ReadAction","target":["https:\/\/www.antichedimorefiorentine.it\/it\/dimore\/antica-dimora-firenze-bed-and-breakfast\/"]}]},{"@type":"BreadcrumbList","@id":"https:\/\/www.antichedimorefiorentine.it\/it\/dimore\/antica-dimora-firenze-bed-and-breakfast\/#breadcrumb","itemListElement":[{"@type":"ListItem","position":1,"name":"Home","item":"https:\/\/www.antichedimorefiorentine.it\/it\/"},{"@type":"ListItem","position":2,"name":"Dimore","item":"https:\/\/www.antichedimorefiorentine.it\/it\/dimore\/"},{"@type":"ListItem","position":3,"name":"Antica Dimora Firenze"}]},{"@type":"WebSite","@id":"https:\/\/www.antichedimorefiorentine.it\/it\/#website","url":"https:\/\/www.antichedimorefiorentine.it\/it\/","name":"Antiche Dimore Fiorentine","description":"Just another WordPress site","publisher":{"@id":"https:\/\/www.antichedimorefiorentine.it\/it\/#organization"},"potentialAction":[{"@type":"SearchAction","target":{"@type":"EntryPoint","urlTemplate":"https:\/\/www.antichedimorefiorentine.it\/it\/?s={search_term_string}"},"query-input":{"@type":"PropertyValueSpecification","valueRequired":true,"valueName":"search_term_string"}}],"inLanguage":"it-IT"},{"@type":"Organization","@id":"https:\/\/www.antichedimorefiorentine.it\/it\/#organization","name":"Antiche Dimore Fiorentine","url":"https:\/\/www.antichedimorefiorentine.it\/it\/","logo":{"@type":"ImageObject","inLanguage":"it-IT","@id":"https:\/\/www.antichedimorefiorentine.it\/it\/#\/schema\/logo\/image\/","url":"https:\/\/www.antichedimorefiorentine.it\/wp-content\/uploads\/2019\/08\/adf_logo.png","contentUrl":"https:\/\/www.antichedimorefiorentine.it\/wp-content\/uploads\/2019\/08\/adf_logo.png","width":300,"height":64,"caption":"Antiche Dimore Fiorentine"},"image":{"@id":"https:\/\/www.antichedimorefiorentine.it\/it\/#\/schema\/logo\/image\/"}}]}},"_links":{"self":[{"href":"https:\/\/www.antichedimorefiorentine.it\/it\/wp-json\/wp\/v2\/pages\/164","targetHints":{"allow":["GET"]}}],"collection":[{"href":"https:\/\/www.antichedimorefiorentine.it\/it\/wp-json\/wp\/v2\/pages"}],"about":[{"href":"https:\/\/www.antichedimorefiorentine.it\/it\/wp-json\/wp\/v2\/types\/page"}],"author":[{"embeddable":true,"href":"https:\/\/www.antichedimorefiorentine.it\/it\/wp-json\/wp\/v2\/users\/5"}],"replies":[{"embeddable":true,"href":"https:\/\/www.antichedimorefiorentine.it\/it\/wp-json\/wp\/v2\/comments?post=164"}],"version-history":[{"count":51,"href":"https:\/\/www.antichedimorefiorentine.it\/it\/wp-json\/wp\/v2\/pages\/164\/revisions"}],"predecessor-version":[{"id":3178,"href":"https:\/\/www.antichedimorefiorentine.it\/it\/wp-json\/wp\/v2\/pages\/164\/revisions\/3178"}],"up":[{"embeddable":true,"href":"https:\/\/www.antichedimorefiorentine.it\/it\/wp-json\/wp\/v2\/pages\/158"}],"wp:attachment":[{"href":"https:\/\/www.antichedimorefiorentine.it\/it\/wp-json\/wp\/v2\/media?parent=164"}],"curies":[{"name":"wp","href":"https:\/\/api.w.org\/{rel}","templated":true}]}}