{"id":12,"date":"2019-05-14T10:44:16","date_gmt":"2019-05-14T10:44:16","guid":{"rendered":"http:\/\/165.227.151.65\/?page_id=12"},"modified":"2019-08-02T10:50:49","modified_gmt":"2019-08-02T10:50:49","slug":"inside-out-blog-guida-firenze","status":"publish","type":"page","link":"https:\/\/www.antichedimorefiorentine.it\/it\/inside-out-blog-guida-firenze\/","title":{"rendered":"Blog"},"content":{"rendered":"<p>Inside-Out Florence \u00e8 il tuo blog guida di Firenze, che ti aiuter\u00e0 a scoprire la citt\u00e0 in tutti i suoi dettagli e segreti. Scopri tutto sulle peculiarit\u00e0, i luoghi di interesse da vedere, la tradizione culinaria, la storia e le cose da fare in citt\u00e0! Con la nostra guida personalizzata di Firenze sar\u00e0 tutto pi\u00f9 facile!<\/p>\n","protected":false},"excerpt":{"rendered":"<p>Inside-Out Florence \u00e8 il tuo blog guida di Firenze, che ti aiuter\u00e0 a scoprire la citt\u00e0 in tutti i suoi dettagli e segreti. Scopri tutto sulle peculiarit\u00e0, i luoghi di interesse da vedere, la tradizione culinaria, la storia e le cose da fare in citt\u00e0! Con la nostra guida personalizzata di Firenze sar\u00e0 tutto pi\u00f9<\/p>\n","protected":false},"author":5,"featured_media":869,"parent":0,"menu_order":0,"comment_status":"closed","ping_status":"closed","template":"blog.php","meta":{"_acf_changed":false,"footnotes":""},"class_list":["post-12","page","type-page","status-publish","has-post-thumbnail","hentry"],"acf":[],"yoast_head":"<!-- This site is optimized with the Yoast SEO plugin v25.3.1 - https:\/\/yoast.com\/wordpress\/plugins\/seo\/ -->\n<title>Blog Inside-Out Firenze | La guida di Firenze di Antiche Dimore Fiorentine<\/title>\n<meta name=\"description\" content=\"Leggi il nostro Blog Inside-out Florence: la tua guida per scoprire Firenze a 360\u00b0 con aneddoti, conisgli di viaggio e curiosit\u00e0 del luogo.\" \/>\n<meta name=\"robots\" content=\"index, follow, max-snippet:-1, max-image-preview:large, max-video-preview:-1\" \/>\n<link rel=\"canonical\" href=\"https:\/\/www.antichedimorefiorentine.it\/it\/inside-out-blog-guida-firenze\/\" \/>\n<meta property=\"og:locale\" content=\"it_IT\" \/>\n<meta property=\"og:type\" content=\"article\" \/>\n<meta property=\"og:title\" content=\"Blog Inside-Out Firenze | La guida di Firenze di Antiche Dimore Fiorentine\" \/>\n<meta property=\"og:description\" content=\"Leggi il nostro Blog Inside-out Florence: la tua guida per scoprire Firenze a 360\u00b0 con aneddoti, conisgli di viaggio e curiosit\u00e0 del luogo.\" \/>\n<meta property=\"og:url\" content=\"https:\/\/www.antichedimorefiorentine.it\/it\/inside-out-blog-guida-firenze\/\" \/>\n<meta property=\"og:site_name\" content=\"Antiche Dimore Fiorentine\" \/>\n<meta property=\"article:modified_time\" content=\"2019-08-02T10:50:49+00:00\" \/>\n<meta property=\"og:image\" content=\"https:\/\/www.antichedimorefiorentine.it\/wp-content\/uploads\/2019\/07\/img_header_blog.jpg\" \/>\n\t<meta property=\"og:image:width\" content=\"1919\" \/>\n\t<meta property=\"og:image:height\" content=\"600\" \/>\n\t<meta property=\"og:image:type\" content=\"image\/jpeg\" \/>\n<meta name=\"twitter:card\" content=\"summary_large_image\" \/>\n<script type=\"application\/ld+json\" class=\"yoast-schema-graph\">{\"@context\":\"https:\/\/schema.org\",\"@graph\":[{\"@type\":\"WebPage\",\"@id\":\"https:\/\/www.antichedimorefiorentine.it\/it\/inside-out-blog-guida-firenze\/\",\"url\":\"https:\/\/www.antichedimorefiorentine.it\/it\/inside-out-blog-guida-firenze\/\",\"name\":\"Blog Inside-Out Firenze | La guida di Firenze di Antiche Dimore Fiorentine\",\"isPartOf\":{\"@id\":\"https:\/\/www.antichedimorefiorentine.it\/it\/#website\"},\"primaryImageOfPage\":{\"@id\":\"https:\/\/www.antichedimorefiorentine.it\/it\/inside-out-blog-guida-firenze\/#primaryimage\"},\"image\":{\"@id\":\"https:\/\/www.antichedimorefiorentine.it\/it\/inside-out-blog-guida-firenze\/#primaryimage\"},\"thumbnailUrl\":\"https:\/\/www.antichedimorefiorentine.it\/wp-content\/uploads\/2019\/07\/img_header_blog.jpg\",\"datePublished\":\"2019-05-14T10:44:16+00:00\",\"dateModified\":\"2019-08-02T10:50:49+00:00\",\"description\":\"Leggi il nostro Blog Inside-out Florence: la tua guida per scoprire Firenze a 360\u00b0 con aneddoti, conisgli di viaggio e curiosit\u00e0 del luogo.\",\"breadcrumb\":{\"@id\":\"https:\/\/www.antichedimorefiorentine.it\/it\/inside-out-blog-guida-firenze\/#breadcrumb\"},\"inLanguage\":\"it-IT\",\"potentialAction\":[{\"@type\":\"ReadAction\",\"target\":[\"https:\/\/www.antichedimorefiorentine.it\/it\/inside-out-blog-guida-firenze\/\"]}]},{\"@type\":\"ImageObject\",\"inLanguage\":\"it-IT\",\"@id\":\"https:\/\/www.antichedimorefiorentine.it\/it\/inside-out-blog-guida-firenze\/#primaryimage\",\"url\":\"https:\/\/www.antichedimorefiorentine.it\/wp-content\/uploads\/2019\/07\/img_header_blog.jpg\",\"contentUrl\":\"https:\/\/www.antichedimorefiorentine.it\/wp-content\/uploads\/2019\/07\/img_header_blog.jpg\",\"width\":1919,\"height\":600},{\"@type\":\"BreadcrumbList\",\"@id\":\"https:\/\/www.antichedimorefiorentine.it\/it\/inside-out-blog-guida-firenze\/#breadcrumb\",\"itemListElement\":[{\"@type\":\"ListItem\",\"position\":1,\"name\":\"Home\",\"item\":\"https:\/\/www.antichedimorefiorentine.it\/it\/\"},{\"@type\":\"ListItem\",\"position\":2,\"name\":\"Blog\"}]},{\"@type\":\"WebSite\",\"@id\":\"https:\/\/www.antichedimorefiorentine.it\/it\/#website\",\"url\":\"https:\/\/www.antichedimorefiorentine.it\/it\/\",\"name\":\"Antiche Dimore Fiorentine\",\"description\":\"Just another WordPress site\",\"publisher\":{\"@id\":\"https:\/\/www.antichedimorefiorentine.it\/it\/#organization\"},\"potentialAction\":[{\"@type\":\"SearchAction\",\"target\":{\"@type\":\"EntryPoint\",\"urlTemplate\":\"https:\/\/www.antichedimorefiorentine.it\/it\/?s={search_term_string}\"},\"query-input\":{\"@type\":\"PropertyValueSpecification\",\"valueRequired\":true,\"valueName\":\"search_term_string\"}}],\"inLanguage\":\"it-IT\"},{\"@type\":\"Organization\",\"@id\":\"https:\/\/www.antichedimorefiorentine.it\/it\/#organization\",\"name\":\"Antiche Dimore Fiorentine\",\"url\":\"https:\/\/www.antichedimorefiorentine.it\/it\/\",\"logo\":{\"@type\":\"ImageObject\",\"inLanguage\":\"it-IT\",\"@id\":\"https:\/\/www.antichedimorefiorentine.it\/it\/#\/schema\/logo\/image\/\",\"url\":\"https:\/\/www.antichedimorefiorentine.it\/wp-content\/uploads\/2019\/08\/adf_logo.png\",\"contentUrl\":\"https:\/\/www.antichedimorefiorentine.it\/wp-content\/uploads\/2019\/08\/adf_logo.png\",\"width\":300,\"height\":64,\"caption\":\"Antiche Dimore Fiorentine\"},\"image\":{\"@id\":\"https:\/\/www.antichedimorefiorentine.it\/it\/#\/schema\/logo\/image\/\"}}]}<\/script>\n<!-- \/ Yoast SEO plugin. -->","yoast_head_json":{"title":"Blog Inside-Out Firenze | La guida di Firenze di Antiche Dimore Fiorentine","description":"Leggi il nostro Blog Inside-out Florence: la tua guida per scoprire Firenze a 360\u00b0 con aneddoti, conisgli di viaggio e curiosit\u00e0 del luogo.","robots":{"index":"index","follow":"follow","max-snippet":"max-snippet:-1","max-image-preview":"max-image-preview:large","max-video-preview":"max-video-preview:-1"},"canonical":"https:\/\/www.antichedimorefiorentine.it\/it\/inside-out-blog-guida-firenze\/","og_locale":"it_IT","og_type":"article","og_title":"Blog Inside-Out Firenze | La guida di Firenze di Antiche Dimore Fiorentine","og_description":"Leggi il nostro Blog Inside-out Florence: la tua guida per scoprire Firenze a 360\u00b0 con aneddoti, conisgli di viaggio e curiosit\u00e0 del luogo.","og_url":"https:\/\/www.antichedimorefiorentine.it\/it\/inside-out-blog-guida-firenze\/","og_site_name":"Antiche Dimore Fiorentine","article_modified_time":"2019-08-02T10:50:49+00:00","og_image":[{"width":1919,"height":600,"url":"https:\/\/www.antichedimorefiorentine.it\/wp-content\/uploads\/2019\/07\/img_header_blog.jpg","type":"image\/jpeg"}],"twitter_card":"summary_large_image","schema":{"@context":"https:\/\/schema.org","@graph":[{"@type":"WebPage","@id":"https:\/\/www.antichedimorefiorentine.it\/it\/inside-out-blog-guida-firenze\/","url":"https:\/\/www.antichedimorefiorentine.it\/it\/inside-out-blog-guida-firenze\/","name":"Blog Inside-Out Firenze | La guida di Firenze di Antiche Dimore Fiorentine","isPartOf":{"@id":"https:\/\/www.antichedimorefiorentine.it\/it\/#website"},"primaryImageOfPage":{"@id":"https:\/\/www.antichedimorefiorentine.it\/it\/inside-out-blog-guida-firenze\/#primaryimage"},"image":{"@id":"https:\/\/www.antichedimorefiorentine.it\/it\/inside-out-blog-guida-firenze\/#primaryimage"},"thumbnailUrl":"https:\/\/www.antichedimorefiorentine.it\/wp-content\/uploads\/2019\/07\/img_header_blog.jpg","datePublished":"2019-05-14T10:44:16+00:00","dateModified":"2019-08-02T10:50:49+00:00","description":"Leggi il nostro Blog Inside-out Florence: la tua guida per scoprire Firenze a 360\u00b0 con aneddoti, conisgli di viaggio e curiosit\u00e0 del luogo.","breadcrumb":{"@id":"https:\/\/www.antichedimorefiorentine.it\/it\/inside-out-blog-guida-firenze\/#breadcrumb"},"inLanguage":"it-IT","potentialAction":[{"@type":"ReadAction","target":["https:\/\/www.antichedimorefiorentine.it\/it\/inside-out-blog-guida-firenze\/"]}]},{"@type":"ImageObject","inLanguage":"it-IT","@id":"https:\/\/www.antichedimorefiorentine.it\/it\/inside-out-blog-guida-firenze\/#primaryimage","url":"https:\/\/www.antichedimorefiorentine.it\/wp-content\/uploads\/2019\/07\/img_header_blog.jpg","contentUrl":"https:\/\/www.antichedimorefiorentine.it\/wp-content\/uploads\/2019\/07\/img_header_blog.jpg","width":1919,"height":600},{"@type":"BreadcrumbList","@id":"https:\/\/www.antichedimorefiorentine.it\/it\/inside-out-blog-guida-firenze\/#breadcrumb","itemListElement":[{"@type":"ListItem","position":1,"name":"Home","item":"https:\/\/www.antichedimorefiorentine.it\/it\/"},{"@type":"ListItem","position":2,"name":"Blog"}]},{"@type":"WebSite","@id":"https:\/\/www.antichedimorefiorentine.it\/it\/#website","url":"https:\/\/www.antichedimorefiorentine.it\/it\/","name":"Antiche Dimore Fiorentine","description":"Just another WordPress site","publisher":{"@id":"https:\/\/www.antichedimorefiorentine.it\/it\/#organization"},"potentialAction":[{"@type":"SearchAction","target":{"@type":"EntryPoint","urlTemplate":"https:\/\/www.antichedimorefiorentine.it\/it\/?s={search_term_string}"},"query-input":{"@type":"PropertyValueSpecification","valueRequired":true,"valueName":"search_term_string"}}],"inLanguage":"it-IT"},{"@type":"Organization","@id":"https:\/\/www.antichedimorefiorentine.it\/it\/#organization","name":"Antiche Dimore Fiorentine","url":"https:\/\/www.antichedimorefiorentine.it\/it\/","logo":{"@type":"ImageObject","inLanguage":"it-IT","@id":"https:\/\/www.antichedimorefiorentine.it\/it\/#\/schema\/logo\/image\/","url":"https:\/\/www.antichedimorefiorentine.it\/wp-content\/uploads\/2019\/08\/adf_logo.png","contentUrl":"https:\/\/www.antichedimorefiorentine.it\/wp-content\/uploads\/2019\/08\/adf_logo.png","width":300,"height":64,"caption":"Antiche Dimore Fiorentine"},"image":{"@id":"https:\/\/www.antichedimorefiorentine.it\/it\/#\/schema\/logo\/image\/"}}]}},"_links":{"self":[{"href":"https:\/\/www.antichedimorefiorentine.it\/it\/wp-json\/wp\/v2\/pages\/12","targetHints":{"allow":["GET"]}}],"collection":[{"href":"https:\/\/www.antichedimorefiorentine.it\/it\/wp-json\/wp\/v2\/pages"}],"about":[{"href":"https:\/\/www.antichedimorefiorentine.it\/it\/wp-json\/wp\/v2\/types\/page"}],"author":[{"embeddable":true,"href":"https:\/\/www.antichedimorefiorentine.it\/it\/wp-json\/wp\/v2\/users\/5"}],"replies":[{"embeddable":true,"href":"https:\/\/www.antichedimorefiorentine.it\/it\/wp-json\/wp\/v2\/comments?post=12"}],"version-history":[{"count":18,"href":"https:\/\/www.antichedimorefiorentine.it\/it\/wp-json\/wp\/v2\/pages\/12\/revisions"}],"predecessor-version":[{"id":472,"href":"https:\/\/www.antichedimorefiorentine.it\/it\/wp-json\/wp\/v2\/pages\/12\/revisions\/472"}],"wp:featuredmedia":[{"embeddable":true,"href":"https:\/\/www.antichedimorefiorentine.it\/it\/wp-json\/wp\/v2\/media\/869"}],"wp:attachment":[{"href":"https:\/\/www.antichedimorefiorentine.it\/it\/wp-json\/wp\/v2\/media?parent=12"}],"curies":[{"name":"wp","href":"https:\/\/api.w.org\/{rel}","templated":true}]}}